{"id":353,"date":"2024-04-05T12:14:37","date_gmt":"2024-04-05T10:14:37","guid":{"rendered":"https:\/\/behingoz.eus\/?post_type=product&#038;p=353"},"modified":"2025-11-07T16:29:29","modified_gmt":"2025-11-07T15:29:29","slug":"lufra-wc-banos-1l-12uds","status":"publish","type":"product","link":"https:\/\/behingoz.eus\/eu\/producto\/lufra-wc-banos-1l-12uds\/","title":{"rendered":"Desinfectante wc ba\u00f1os lufra"},"content":{"rendered":"<p>Limpiador \u00e1cidos para ba\u00f1os, elimina f\u00e1cilmente los dep\u00f3sitos de cal, \u00f3xido y restos de jab\u00f3n de lavabos, ba\u00f1eras&#8230; aportando brillo a las superficies tratadas.<\/p>\n","protected":false},"excerpt":{"rendered":"<p>Limpiador \u00e1cidos para ba\u00f1os<\/p>\n","protected":false},"featured_media":355,"comment_status":"closed","ping_status":"closed","template":"","meta":[],"product_brand":[],"product_cat":[69,71,19],"product_tag":[],"class_list":{"0":"post-353","1":"product","2":"type-product","3":"status-publish","4":"has-post-thumbnail","6":"product_cat-superficies","7":"product_cat-limpieza-general","8":"product_cat-todos","10":"first","11":"instock","12":"shipping-taxable","13":"product-type-variable"},"_links":{"self":[{"href":"https:\/\/behingoz.eus\/eu\/wp-json\/wp\/v2\/product\/353","targetHints":{"allow":["GET"]}}],"collection":[{"href":"https:\/\/behingoz.eus\/eu\/wp-json\/wp\/v2\/product"}],"about":[{"href":"https:\/\/behingoz.eus\/eu\/wp-json\/wp\/v2\/types\/product"}],"replies":[{"embeddable":true,"href":"https:\/\/behingoz.eus\/eu\/wp-json\/wp\/v2\/comments?post=353"}],"wp:featuredmedia":[{"embeddable":true,"href":"https:\/\/behingoz.eus\/eu\/wp-json\/wp\/v2\/media\/355"}],"wp:attachment":[{"href":"https:\/\/behingoz.eus\/eu\/wp-json\/wp\/v2\/media?parent=353"}],"wp:term":[{"taxonomy":"product_brand","embeddable":true,"href":"https:\/\/behingoz.eus\/eu\/wp-json\/wp\/v2\/product_brand?post=353"},{"taxonomy":"product_cat","embeddable":true,"href":"https:\/\/behingoz.eus\/eu\/wp-json\/wp\/v2\/product_cat?post=353"},{"taxonomy":"product_tag","embeddable":true,"href":"https:\/\/behingoz.eus\/eu\/wp-json\/wp\/v2\/product_tag?post=353"}],"curies":[{"name":"wp","href":"https:\/\/api.w.org\/{rel}","templated":true}]}}